{"id":3,"date":"2018-10-09T08:35:33","date_gmt":"2018-10-09T08:35:33","guid":{"rendered":"https:\/\/demo.casethemes.net\/nimmo\/?page_id=3"},"modified":"2021-01-08T14:49:55","modified_gmt":"2021-01-08T14:49:55","slug":"gdpr","status":"publish","type":"page","link":"https:\/\/magdahajkova.cz\/en\/gdpr\/","title":{"rendered":"GDPR"},"content":{"rendered":"<div class=\"vc_row wpb_row vc_row-fluid bg-image-ps-inherit\"><div class=\"wpb_column vc_column_container vc_col-sm-12\"><div class=\"vc_column-inner\"><div class=\"wpb_wrapper\">\n\t<div class=\"wpb_text_column wpb_content_element\" >\n\t\t<div class=\"wpb_wrapper\">\n\t\t\t<p><strong>Obecn\u00e9 na\u0159\u00edzen\u00ed o ochran\u011b obecn\u00fdch \u00fadaj\u016f (GDPR)<\/strong><\/p>\n<p>Jako m\u016fj klient mi sv\u011b\u0159ujete sv\u00e9 osobn\u00ed \u00fadaje a j\u00e1 jako spr\u00e1vce zodpov\u00edd\u00e1m za jejich bezpe\u010dnou ochranu. Z pozice spr\u00e1vce ur\u010duji, jak bude s \u00fadaji nalo\u017eeno (jak\u00fdm zp\u016fsobem a za jak\u00fdm \u00fa\u010delem budou zpracov\u00e1ny a po jakou dobu budou archivov\u00e1ny).<\/p>\n<p>Prohla\u0161uji, \u017ee:<br \/>\n\uf0b7 jako spr\u00e1vce va\u0161ich osobn\u00edch \u00fadaj\u016f spl\u0148uji ve\u0161ker\u00e9 z\u00e1konn\u00e9 povinnosti dle platn\u00e9 legislativy (z\u00e1kona o ochran\u011b osobn\u00edch \u00fadaj\u016f a GDPR),<br \/>\n\uf0b7 budu zpracov\u00e1vat va\u0161e osobn\u00ed \u00fadaje jen na z\u00e1klad\u011b opr\u00e1vn\u011bn\u00e9ho z\u00e1jmu, pln\u011bn\u00ed smlouvy, z\u00e1konn\u00e9 povinnosti nebo ud\u011blen\u00e9ho souhlasu,<br \/>\n\uf0b7 dle \u010dl. 13 GDPR pln\u00edm informa\u010dn\u00ed povinnost je\u0161t\u011b p\u0159ed zah\u00e1jen\u00edm zpracov\u00e1n\u00ed<br \/>\nosobn\u00edch \u00fadaj\u016f.<\/p>\n<p><strong>N\u00ed\u017ee uv\u00e1d\u00edm druh osobn\u00edch \u00fadaj\u016f a pro jak\u00fd \u00fa\u010del je zpracov\u00e1v\u00e1m:<\/strong><\/p>\n<p>o e-mail nebo telefonn\u00ed \u010d\u00edslo \u2013 nezbytn\u00e9 pro na\u0161i komunikaci (pl\u00e1nov\u00e1n\u00ed sezen\u00ed),<br \/>\no faktura\u010dn\u00ed \u00fadaje \u2013 jste-li firemn\u00ed z\u00e1kazn\u00edk (pro vystaven\u00ed da\u0148ov\u00e9ho dokladu),<br \/>\no fotografie, reference, workshop \u2013 mohu pou\u017e\u00edt pouze s va\u0161\u00edm v\u00fdslovn\u00fdm souhlasem (propagace m\u00fdch slu\u017eeb na webu) Zabezpe\u010den\u00ed osobn\u00edch \u00fadaj\u016f<br \/>\nOsobn\u00ed \u00fadaje chr\u00e1n\u00edm pomoc\u00ed modern\u00edch technologi\u00ed, pou\u017e\u00edv\u00e1m nejvy\u0161\u0161\u00ed stupe\u0148 zabezpe\u010den\u00ed a zaji\u0161\u0165uji, aby nedo\u0161lo k\u00a0jejich po\u0161kozen\u00ed, zneu\u017eit\u00ed nebo ztr\u00e1t\u011b.<br \/>\nP\u0159ed\u00e1n\u00ed osobn\u00edch \u00fadaj\u016f t\u0159et\u00edm stran\u00e1m O va\u0161e osobn\u00ed \u00fadaje se star\u00e1m v\u00fdhradn\u011b j\u00e1 osobn\u011b. Pro zaji\u0161t\u011bn\u00ed n\u011bkter\u00fdch \u00fakon\u016f u\u017e\u00edv\u00e1m tyto aplikace:<br \/>\n&#8211; Google (Gmail, Kalend\u00e1\u0159)<br \/>\n&#8211; \u00da\u010detn\u00ed poradce<br \/>\n&#8211; Webmaster<\/p>\n<p><strong>Va\u0161e pr\u00e1va z\u00a0hlediska GDPR<\/strong><\/p>\n<p>\uf0de Pr\u00e1vo na informace, kter\u00e9 je ji\u017e napln\u011bno textem v\u00fd\u0161e,<br \/>\n\uf0de Pr\u00e1vo na p\u0159\u00edstup k va\u0161im osobn\u00edm \u00fadaj\u016fm \u2013 m\u016f\u017eete mne kdykoli vyzvat a j\u00e1 do 14ti dn\u016f dolo\u017e\u00edm, jak va\u0161e osobn\u00ed \u00fadaje zpracov\u00e1v\u00e1m a za jak\u00fdm \u00fa\u010delem,<br \/>\n\uf0de Pr\u00e1vo na zm\u011bnu \u010di dopln\u011bn\u00ed va\u0161ich osobn\u00edch \u00fadaj\u016f \u2013 m\u016f\u017eete pr\u016fb\u011b\u017en\u011b aktualizovat,<br \/>\n\uf0de Pr\u00e1vo na omezen\u00ed rozsahu osobn\u00edch \u00fadaj\u016f nebo \u00fa\u010delu jejich zpracov\u00e1n\u00ed<br \/>\n\uf0de Pr\u00e1vo na p\u0159enositelnost \u2013 pokud byste cht\u011bli va\u0161e \u00fadaje vz\u00edt a p\u0159en\u00e9st n\u011bkomu jin\u00e9mu, pak ve lh\u016ft\u011b 30ti dn\u016f v\u00e1m data nachyst\u00e1m v \u010diteln\u00e9 podob\u011b,<br \/>\n\uf0de Pr\u00e1vo na v\u00fdmaz \u2013 ve lh\u016ft\u011b 30ti dn\u016f vyma\u017eu v\u0161echny va\u0161e osobn\u00ed \u00fadaje ze sv\u00e9ho i z dal\u0161\u00edch p\u0159ipojen\u00fdch syst\u00e9m\u016f (samoz\u0159ejm\u011b s respektov\u00e1n\u00edm dal\u0161\u00edch na\u0159\u00edzen\u00ed, nap\u0159. z\u00e1kona o \u00fa\u010detnictv\u00ed \u2013 p\u0159echov\u00e1n\u00ed da\u0148ov\u00fdch doklad\u016f),<br \/>\n\uf0de Pr\u00e1vo si st\u011b\u017eovat \u2013 pokud m\u00e1te pocit, \u017ee s va\u0161imi \u00fadaji nezach\u00e1z\u00edm v souladu se z\u00e1konem, m\u016f\u017eete podat st\u00ed\u017enost u \u00da\u0159adu na ochranu osobn\u00edch \u00fadaj\u016f. V t\u00e9to souvislosti bych V\u00e1s r\u00e1da po\u017e\u00e1dala, abyste m\u011b o sv\u00e9 st\u00ed\u017enosti informovali pokud<br \/>\nmo\u017eno p\u0159edem, ur\u010dit\u011b bychom v\u0161e napravili k\u00a0oboustrann\u00e9 spokojenosti,<br \/>\n\uf0de Pr\u00e1vo na ml\u010denlivost \u2013 jsem povinna zachov\u00e1vat ml\u010denlivost nejen o va\u0161ich osobn\u00edch \u00fadaj\u00edch, ale tak\u00e9 o zp\u016fsobu jejich zabezpe\u010den\u00ed. Tato povinnost trv\u00e1 i po skon\u010den\u00ed na\u0161\u00ed spolupr\u00e1ce \u2013 bez va\u0161eho souhlasu nemohu s va\u0161imi osobn\u00edmi \u00fadaji nakl\u00e1dat ani nikomu vydat.<\/p>\n<p>Pokud se chcete na cokoli v souvislosti s GDPR zeptat, pi\u0161te na mailovou adresu: konzultace@ magdahajkova.cz<\/p>\n\n\t\t<\/div>\n\t<\/div>\n<\/div><\/div><\/div><\/div><div class=\"vc_row wpb_row vc_row-fluid bg-image-ps-inherit\"><div class=\"wpb_column vc_column_container vc_col-sm-12\"><div class=\"vc_column-inner\"><div class=\"wpb_wrapper\"><div class=\"ct-button-wrapper layout-normal align-center align-left-md align-left-sm align-left-xs\">\n\n    <a  href=\"https:\/\/magdahajkova.cz\/en\/\" target=\"_self\" class=\"btn btn-default size-lg no-shadow\">\n                    <span>Zp\u011bt dom\u016f<\/span>\n        \n        \n            <\/a>\n\n<\/div><\/div><\/div><\/div><\/div>","protected":false},"excerpt":{"rendered":"Obecn\u00e9 na\u0159\u00edzen\u00ed o ochran\u011b obecn\u00fdch \u00fadaj\u016f (GDPR) Jako m\u016fj klient mi sv\u011b\u0159ujete sv\u00e9 osobn\u00ed \u00fadaje a j\u00e1 jako spr\u00e1vce zodpov\u00edd\u00e1m za jejich bezpe\u010dnou ochranu. Z pozice spr\u00e1vce ur\u010duji, jak bude s \u00fadaji nalo\u017eeno (jak\u00fdm zp\u016fsobem a za jak\u00fdm \u00fa\u010delem budou zpracov\u00e1ny a po jakou dobu budou archivov\u00e1ny). Prohla\u0161uji, \u017ee: \uf0b7 jako spr\u00e1vce va\u0161ich osobn\u00edch \u00fadaj\u016f [...]","protected":false},"author":1,"featured_media":0,"parent":0,"menu_order":0,"comment_status":"closed","ping_status":"open","template":"","meta":[],"_links":{"self":[{"href":"https:\/\/magdahajkova.cz\/en\/wp-json\/wp\/v2\/pages\/3"}],"collection":[{"href":"https:\/\/magdahajkova.cz\/en\/wp-json\/wp\/v2\/pages"}],"about":[{"href":"https:\/\/magdahajkova.cz\/en\/wp-json\/wp\/v2\/types\/page"}],"author":[{"embeddable":true,"href":"https:\/\/magdahajkova.cz\/en\/wp-json\/wp\/v2\/users\/1"}],"replies":[{"embeddable":true,"href":"https:\/\/magdahajkova.cz\/en\/wp-json\/wp\/v2\/comments?post=3"}],"version-history":[{"count":4,"href":"https:\/\/magdahajkova.cz\/en\/wp-json\/wp\/v2\/pages\/3\/revisions"}],"predecessor-version":[{"id":1733,"href":"https:\/\/magdahajkova.cz\/en\/wp-json\/wp\/v2\/pages\/3\/revisions\/1733"}],"wp:attachment":[{"href":"https:\/\/magdahajkova.cz\/en\/wp-json\/wp\/v2\/media?parent=3"}],"curies":[{"name":"wp","href":"https:\/\/api.w.org\/{rel}","templated":true}]}}