{"id":1741,"date":"2021-01-09T19:44:57","date_gmt":"2021-01-09T19:44:57","guid":{"rendered":"http:\/\/test.magdahajkova.cz\/?page_id=1741"},"modified":"2021-01-24T16:11:38","modified_gmt":"2021-01-24T16:11:38","slug":"co-nas-ceka","status":"publish","type":"page","link":"https:\/\/magdahajkova.cz\/en\/co-nas-ceka\/","title":{"rendered":"About consulting"},"content":{"rendered":"<div class=\"vc_row wpb_row vc_row-fluid bg-image-ps-inherit\"><div class=\"wpb_column vc_column_container vc_col-sm-12 vc_col-lg-8 vc_col-md-8 rm-padding-lg\"><div class=\"vc_column-inner vc_custom_1568039118962\"><div class=\"wpb_wrapper\"><div id=\"ct-heading\" class=\"ct-heading align-left align-left-md align-left-sm align-left-xs\">\n            <style type=\"text\/css\">\n            @media (min-width: 991px) and (max-width: 1200px) {\n                #ct-heading .ct-heading-tag {\n                                            font-size: 36px !important;\n                                                        }\n            }\n        <\/style>\n    \n            <style type=\"text\/css\">\n            @media (min-width: 768px) and (max-width: 991px) {\n                #ct-heading .ct-heading-tag {\n                                            font-size: 36px !important;\n                                                        }\n            }\n        <\/style>\n    \n            <style type=\"text\/css\">\n            @media screen and (max-width: 767px) {\n                #ct-heading .ct-heading-tag {\n                                            font-size: 32px !important;\n                                                        }\n            }\n        <\/style>\n                    <div class=\"ct-heading-sub sub- style1\" >\n            <span ><\/span>\n            Co n\u00e1s \u010dek\u00e1?                    <\/div>\n        <h3 class=\"ct-heading-tag typing-style1\" style=\"font-size:36px;font-weight:700; \">\n                                    Podpora na Va\u0161\u00ed cest\u011b ke zm\u011bn\u011b                                        <\/h3>\n        <\/div><div id=\"ct-text-block-69e34da4c273c\" class=\"ct-text-block1  vc_custom_1610464038466  text-left\" style=\"font-size:16px;line-height:30px;\">\n    <div class=\"ct-inline-css\"  data-css=\"                \">\n    <\/div>\n    <p>Prvn\u00ed krok m\u00e1te za sebou. Hled\u00e1te podporu p\u0159i \u0159e\u0161en\u00ed va\u0161\u00ed situace. Takto budou na\u0161e konzultace vypadat.<\/p>\n<h3><strong>First session<\/strong><\/h3>\n<p><a href=\"https:\/\/magdahajkova.cz\/en\/\">Nejprve si spole\u010dn\u011b domluv\u00edme prvn\u00ed sch\u016fzku.<\/a><br \/>\nBude fajn, kdy\u017e p\u0159ijdete na setk\u00e1n\u00ed o p\u00e1r minut d\u0159\u00edve a ud\u011bl\u00e1te si pohodl\u00ed. Nikdo n\u00e1s nebude ru\u0161it a s \u0161\u00e1lkem \u010daje v bezpe\u010dn\u00e9m prost\u0159ed\u00ed za\u010dneme t\u00edm, \u017ee si ujasn\u00edme vz\u00e1jemn\u00e1 o\u010dek\u00e1v\u00e1n\u00ed.<\/p>\n<p>Tedy, co budeme spole\u010dn\u011b \u0159e\u0161it, \u010dasov\u00fd horizont, frekvence na\u0161eho setk\u00e1v\u00e1n\u00ed a c\u00edl. Jsem tady jako v\u00e1\u0161 pr\u016fvodce, nebudu v\u00e1s hodnotit, soudit ani d\u00e1vat rady. Budeme si pov\u00eddat o v\u00e1s, o va\u0161em p\u0159\u00edb\u011bhu. Spole\u010dn\u011b objev\u00edme va\u0161e nov\u00e9 mo\u017enosti. Budete se u\u010dit nov\u00e9 mechanismy fungov\u00e1n\u00ed ve sv\u00e9m \u017eivot\u011b, sami za\u010dnete pomalu prom\u011b\u0148ovat svoji cestu. Podpo\u0159\u00edm v\u00e1s na t\u00e9to cest\u011b, ale vy<br \/>\nbudete ti aktivn\u00ed, kdo d\u011bl\u00e1 zm\u011bny.<\/p>\n<div id=\"gtx-trans\" style=\"position: absolute; left: 1px; top: 151.438px;\">\n<div class=\"gtx-trans-icon\"><\/div>\n<\/div>\n<p>\n<\/div><div id=\"ct-text-block-69e34da4c4154\" class=\"ct-text-block1  vc_custom_1610962228355  text-left\" style=\"font-size:16px;line-height:30px;\">\n    <div class=\"ct-inline-css\"  data-css=\"                \">\n    <\/div>\n<h3><strong>Time frame<\/strong><\/h3>\n<p>Pov\u00eddat si budeme v\u017edy hodinu. Na intenzit\u011b setk\u00e1v\u00e1n\u00ed se domluv\u00edme p\u0159i prvn\u00ed sch\u016fzce, nej\u010dast\u011bji je to 1x za 14 dn\u00ed. Trv\u00e1n\u00ed na\u0161\u00ed spolupr\u00e1ce se bude odv\u00edjet od va\u0161ich pot\u0159eb.<\/p>\n<h3><strong>Forms of session<br \/>\n<\/strong><\/h3>\n<p>Nab\u00edz\u00edm tyto formy konzultac\u00ed:<br \/>\n&#8211; osobn\u011b v\u00a0kancel\u00e1\u0159i na \u00dadoln\u00ed 5. P\u0159\u00edpadn\u011b se m\u016f\u017eeme i proch\u00e1zet venku.<br \/>\n&#8211; online konzultace (Skype, Zoom, MS Teams) pokud nen\u00ed mo\u017en\u00e9 se osobn\u011b setkat.<\/p>\n<h3><strong>Trust<\/strong><\/h3>\n<p>V\u0161echno, co se na setk\u00e1n\u00ed odehraje, je d\u016fv\u011brn\u00e9. Pr\u00e1ce psychologa podl\u00e9h\u00e1 jasn\u00e9mu etick\u00e9mu kodexu. Nemus\u00edte m\u00edt strach, p\u0159\u00edpadn\u00e9 pozn\u00e1mky si budu d\u011blat pouze pro sebe a pro dal\u0161\u00ed n\u00e1vaznost v na\u0161\u00ed spolupr\u00e1ci.<\/p>\n<div id=\"gtx-trans\" style=\"position: absolute; left: 36px; top: 343.594px;\">\n<div class=\"gtx-trans-icon\"><\/div>\n<\/div>\n<p>\n<\/div><div class=\"vc_empty_space\"   style=\"height: 45px\"><span class=\"vc_empty_space_inner\"><\/span><\/div><div id=\"ct-heading-2\" class=\"ct-heading align-left align-left-md align-left-sm align-left-xs\">\n            <style type=\"text\/css\">\n            @media (min-width: 991px) and (max-width: 1200px) {\n                #ct-heading-2 .ct-heading-tag {\n                                            font-size: 36px !important;\n                                                        }\n            }\n        <\/style>\n    \n            <style type=\"text\/css\">\n            @media (min-width: 768px) and (max-width: 991px) {\n                #ct-heading-2 .ct-heading-tag {\n                                            font-size: 36px !important;\n                                                        }\n            }\n        <\/style>\n    \n            <style type=\"text\/css\">\n            @media screen and (max-width: 767px) {\n                #ct-heading-2 .ct-heading-tag {\n                                            font-size: 32px !important;\n                                                        }\n            }\n        <\/style>\n                <h3 class=\"ct-heading-tag typing-style1\" style=\"font-size:36px;font-weight:700; \">\n                                    Chci se objednat                                        <\/h3>\n        <\/div><div role=\"form\" class=\"wpcf7\" id=\"wpcf7-f185-o1\" lang=\"en-US\" dir=\"ltr\">\n<div class=\"screen-reader-response\"><p role=\"status\" aria-live=\"polite\" aria-atomic=\"true\"><\/p> <ul><\/ul><\/div>\n<form action=\"\/en\/wp-json\/wp\/v2\/pages\/1741#wpcf7-f185-o1\" method=\"post\" class=\"wpcf7-form init\" novalidate=\"novalidate\" data-status=\"init\" data-trp-original-action=\"\/en\/wp-json\/wp\/v2\/pages\/1741#wpcf7-f185-o1\">\n<div style=\"display: none;\">\n<input type=\"hidden\" name=\"_wpcf7\" value=\"185\" \/>\n<input type=\"hidden\" name=\"_wpcf7_version\" value=\"5.4\" \/>\n<input type=\"hidden\" name=\"_wpcf7_locale\" value=\"en_US\" \/>\n<input type=\"hidden\" name=\"_wpcf7_unit_tag\" value=\"wpcf7-f185-o1\" \/>\n<input type=\"hidden\" name=\"_wpcf7_container_post\" value=\"0\" \/>\n<input type=\"hidden\" name=\"_wpcf7_posted_data_hash\" value=\"\" \/>\n<\/div>\n<div class=\"input-filled\"><span class=\"wpcf7-form-control-wrap your-name\"><input type=\"text\" name=\"your-name\" value=\"\" size=\"40\" class=\"wpcf7-form-control wpcf7-text wpcf7-validates-as-required\" aria-required=\"true\" aria-invalid=\"false\" placeholder=\"Your name\" \/><\/span><\/div>\n<div class=\"input-filled\"><span class=\"wpcf7-form-control-wrap your-email\"><input type=\"email\" name=\"your-email\" value=\"\" size=\"40\" class=\"wpcf7-form-control wpcf7-text wpcf7-email wpcf7-validates-as-required wpcf7-validates-as-email\" aria-required=\"true\" aria-invalid=\"false\" placeholder=\"Email\" \/><\/span><\/div>\n<div class=\"input-filled\"><span class=\"wpcf7-form-control-wrap your-subject\"><input type=\"text\" name=\"your-subject\" value=\"\" size=\"40\" class=\"wpcf7-form-control wpcf7-text wpcf7-validates-as-required\" aria-required=\"true\" aria-invalid=\"false\" placeholder=\"Object\" \/><\/span><\/div>\n<div class=\"input-filled\"><span class=\"wpcf7-form-control-wrap your-message\"><textarea name=\"your-message\" cols=\"40\" rows=\"10\" class=\"wpcf7-form-control wpcf7-textarea wpcf7-validates-as-required\" aria-required=\"true\" aria-invalid=\"false\" placeholder=\"Message\"><\/textarea><\/span><\/div>\n<p><input type=\"submit\" value=\"Send the message\" class=\"wpcf7-form-control wpcf7-submit btn\" \/><\/p>\n<div class=\"wpcf7-response-output\" aria-hidden=\"true\"><\/div><input type=\"hidden\" name=\"trp-form-language\" value=\"en\"\/><\/form><\/div><\/div><\/div><\/div><div class=\"wpb_column vc_column_container vc_col-sm-12 vc_col-lg-4 vc_col-md-4 rm-padding-lg\"><div class=\"vc_column-inner vc_custom_1568039126777\"><div class=\"wpb_wrapper\"><div id=\"ct-heading-3\" class=\"ct-heading align-left align-left-md align-left-sm align-left-xs\">\n            <style type=\"text\/css\">\n            @media (min-width: 991px) and (max-width: 1200px) {\n                #ct-heading-3 .ct-heading-tag {\n                                            font-size: 30px !important;\n                                                        }\n            }\n        <\/style>\n    \n            <style type=\"text\/css\">\n            @media (min-width: 768px) and (max-width: 991px) {\n                #ct-heading-3 .ct-heading-tag {\n                                            font-size: 30px !important;\n                                                        }\n            }\n        <\/style>\n    \n            <style type=\"text\/css\">\n            @media screen and (max-width: 767px) {\n                #ct-heading-3 .ct-heading-tag {\n                                            font-size: 30px !important;\n                                                        }\n            }\n        <\/style>\n                <h3 class=\"ct-heading-tag typing-style1\" style=\"margin-bottom:32px;color:#1d2f3c;font-size:30px; \">\n                                    Pokra\u010dovat d\u00e1le                                        <\/h3>\n        <\/div><div class=\"ct-button-wrapper layout-normal align-left align-left-md align-left-sm align-left-xs\">\n\n    <a  href=\"https:\/\/magdahajkova.cz\/en\/\" target=\"_self\" class=\"btn btn-primary size-default no-shadow\">\n                    <span>Zp\u011bt dom\u016f<\/span>\n        \n        \n            <\/a>\n\n<\/div><div id=\"ct-space-69e34da4cb360\">\n\t<style type=\"text\/css\">\n\t\t\t\t\t\t\t\t\t@media (min-width: 768px) and (max-width: 991px) {\n\t\t\t\t#ct-space-69e34da4cb360 .ct-space {\n\t\t\t\t\theight: 70px;\n\t\t\t\t}\n\t\t\t}\n\t\t\t\t\t\t\t@media screen and (max-width: 767px) {\n\t\t\t\t#ct-space-69e34da4cb360 .ct-space {\n\t\t\t\t\theight: 70px;\n\t\t\t\t}\n\t\t\t}\n\t\t\t<\/style>\n\t<div class=\"ct-space\"><\/div>\n<\/div><div  class=\"vc_wp_custommenu wpb_content_element style-default\"><\/div><div class=\"vc_empty_space\"   style=\"height: 35px\"><span class=\"vc_empty_space_inner\"><\/span><\/div><div id=\"ct-heading-4\" class=\"ct-heading align-left align-left-md align-left-sm align-left-xs\">\n            <style type=\"text\/css\">\n            @media (min-width: 991px) and (max-width: 1200px) {\n                #ct-heading-4 .ct-heading-tag {\n                                            font-size: 30px !important;\n                                                        }\n            }\n        <\/style>\n    \n            <style type=\"text\/css\">\n            @media (min-width: 768px) and (max-width: 991px) {\n                #ct-heading-4 .ct-heading-tag {\n                                            font-size: 30px !important;\n                                                        }\n            }\n        <\/style>\n    \n            <style type=\"text\/css\">\n            @media screen and (max-width: 767px) {\n                #ct-heading-4 .ct-heading-tag {\n                                            font-size: 30px !important;\n                                                        }\n            }\n        <\/style>\n                <h3 class=\"ct-heading-tag typing-style1\" style=\"margin-bottom:32px;color:#1d2f3c;font-size:30px; \">\n                                    Contact                                        <\/h3>\n        <\/div>    <ul id=\"ct-contact-info-69e34da4cf4b0\" class=\"ct-contact-info1 style2\">\n                    <li>\n                <i class=\"fas fa-map-marked-alt\"><\/i>\n                <span>Brno, \u00dadoln\u00ed 5<\/span>\n            <\/li>\n                    <li>\n                <i class=\"fas fa-phone-volume\"><\/i>\n                <span><a href=\"tel:+420 777 267 949\">+420 777 267 949<\/a><\/span>\n            <\/li>\n                    <li>\n                <i class=\"fas fa-envelope\"><\/i>\n                <span><a href=\"mailto:konzultace@magdahajkova.cz\">konzultace@magdahajkova.cz<\/a><\/span>\n            <\/li>\n            <\/ul>\n<div class=\"vc_empty_space\"   style=\"height: 49px\"><span class=\"vc_empty_space_inner\"><\/span><\/div>\n\t<div  class=\"wpb_single_image wpb_content_element vc_align_left  inherit inherit\">\n\t\t<h2 class=\"wpb_heading wpb_singleimage_heading\">Magda Hajkova<\/h2>\n\t\t<figure class=\"wpb_wrapper vc_figure\">\n\t\t\t<div class=\"vc_single_image-wrapper default  vc_box_border_grey\"><img width=\"400\" height=\"600\" src=\"https:\/\/magdahajkova.cz\/wp-content\/uploads\/2021\/01\/magda-obrazek.png\" class=\"vc_single_image-img attachment-full\" alt=\"\" \/><\/div>\n\t\t<\/figure>\n\t<\/div>\n\n\t<div  class=\"wpb_single_image wpb_content_element vc_align_left  inherit inherit\">\n\t\t<h2 class=\"wpb_heading wpb_singleimage_heading\">Na\u0161e kancel\u00e1\u0159<\/h2>\n\t\t<figure class=\"wpb_wrapper vc_figure\">\n\t\t\t<div class=\"vc_single_image-wrapper default  vc_box_border_grey\"><img width=\"494\" height=\"485\" src=\"https:\/\/magdahajkova.cz\/wp-content\/uploads\/2021\/01\/kancelar-magda-hajkova.png\" class=\"vc_single_image-img attachment-full\" alt=\"\" \/><\/div>\n\t\t<\/figure>\n\t<\/div>\n<\/div><\/div><\/div><\/div>","protected":false},"excerpt":{"rendered":"Co n\u00e1s \u010dek\u00e1? Podpora na Va\u0161\u00ed cest\u011b ke zm\u011bn\u011b Prvn\u00ed krok m\u00e1te za sebou. Hled\u00e1te podporu p\u0159i \u0159e\u0161en\u00ed va\u0161\u00ed situace. Takto budou na\u0161e konzultace vypadat. Prvn\u00ed sch\u016fzka Nejprve si spole\u010dn\u011b domluv\u00edme prvn\u00ed sch\u016fzku. Bude fajn, kdy\u017e p\u0159ijdete na setk\u00e1n\u00ed o p\u00e1r minut d\u0159\u00edve a ud\u011bl\u00e1te si pohodl\u00ed. Nikdo n\u00e1s nebude ru\u0161it a s \u0161\u00e1lkem \u010daje [...]","protected":false},"author":1,"featured_media":0,"parent":0,"menu_order":0,"comment_status":"closed","ping_status":"closed","template":"","meta":[],"_links":{"self":[{"href":"https:\/\/magdahajkova.cz\/en\/wp-json\/wp\/v2\/pages\/1741"}],"collection":[{"href":"https:\/\/magdahajkova.cz\/en\/wp-json\/wp\/v2\/pages"}],"about":[{"href":"https:\/\/magdahajkova.cz\/en\/wp-json\/wp\/v2\/types\/page"}],"author":[{"embeddable":true,"href":"https:\/\/magdahajkova.cz\/en\/wp-json\/wp\/v2\/users\/1"}],"replies":[{"embeddable":true,"href":"https:\/\/magdahajkova.cz\/en\/wp-json\/wp\/v2\/comments?post=1741"}],"version-history":[{"count":27,"href":"https:\/\/magdahajkova.cz\/en\/wp-json\/wp\/v2\/pages\/1741\/revisions"}],"predecessor-version":[{"id":1899,"href":"https:\/\/magdahajkova.cz\/en\/wp-json\/wp\/v2\/pages\/1741\/revisions\/1899"}],"wp:attachment":[{"href":"https:\/\/magdahajkova.cz\/en\/wp-json\/wp\/v2\/media?parent=1741"}],"curies":[{"name":"wp","href":"https:\/\/api.w.org\/{rel}","templated":true}]}}