{"id":1080,"date":"2020-02-06T02:16:01","date_gmt":"2020-02-06T02:16:01","guid":{"rendered":"https:\/\/demo.casethemes.net\/nimmo\/?page_id=1080"},"modified":"2021-07-28T11:06:07","modified_gmt":"2021-07-28T11:06:07","slug":"kdo-jsem","status":"publish","type":"page","link":"https:\/\/magdahajkova.cz\/en\/kdo-jsem\/","title":{"rendered":"About me"},"content":{"rendered":"<div class=\"vc_row wpb_row vc_row-fluid bg-image-ps-inherit\"><div class=\"wpb_column vc_column_container vc_col-sm-12 vc_col-lg-8 vc_col-md-8 rm-padding-lg\"><div class=\"vc_column-inner vc_custom_1568039118962\"><div class=\"wpb_wrapper\"><div id=\"ct-heading\" class=\"ct-heading align-left align-left-md align-left-sm align-left-xs\">\n            <style type=\"text\/css\">\n            @media (min-width: 991px) and (max-width: 1200px) {\n                #ct-heading .ct-heading-tag {\n                                            font-size: 36px !important;\n                                                        }\n            }\n        <\/style>\n    \n            <style type=\"text\/css\">\n            @media (min-width: 768px) and (max-width: 991px) {\n                #ct-heading .ct-heading-tag {\n                                            font-size: 36px !important;\n                                                        }\n            }\n        <\/style>\n    \n            <style type=\"text\/css\">\n            @media screen and (max-width: 767px) {\n                #ct-heading .ct-heading-tag {\n                                            font-size: 32px !important;\n                                                        }\n            }\n        <\/style>\n                    <div class=\"ct-heading-sub sub- style1\" >\n            <span ><\/span>\n            About me                    <\/div>\n        <h3 class=\"ct-heading-tag typing-style1\" style=\"font-size:36px;font-weight:700; \">\n                                    Mgr. Magda Hajkova                                        <\/h3>\n        <\/div><div id=\"ct-text-block-69e34cbfc0ddc\" class=\"ct-text-block1  vc_custom_1627470340456  text-left\" style=\"font-size:16px;line-height:30px;\">\n    <div class=\"ct-inline-css\"  data-css=\"                \">\n    <\/div>\n    <p><span style=\"font-weight: 400;\">Jsem psycholo\u017eka, miluji cestov\u00e1n\u00ed a \u010das r\u00e1da tr\u00e1v\u00edm v pohybu, t\u0159eba na kole. Klid si dop\u0159\u00e1v\u00e1m s rodinou nebo knihou. V\u011b\u0159\u00edm, \u017ee se v\u011bci mohou zm\u011bnit k lep\u0161\u00edmu. Ve sv\u00e9 soukrom\u00e9 praxi pracuji p\u0159es 7 let s dosp\u011bl\u00fdmi klienty formou psychologick\u00e9ho poradenstv\u00ed nebo terapie.\u00a0<\/span><\/p>\n<p><span style=\"font-weight: 400;\">P\u0159istupuji k V\u00e1m s respektem a d\u016fv\u011brou ve Va\u0161e schopnosti a potenci\u00e1l. V\u011b\u0159\u00edm, \u017ee Va\u0161e obt\u00ed\u017ee spole\u010dn\u011b p\u0159ekon\u00e1me. Terapie i psychologick\u00e9 poradenstv\u00ed je individu\u00e1ln\u00ed proces, ka\u017ed\u00fd pot\u0159ebuje trochu jin\u00fd p\u0159\u00edstup i \u010das. Respektuji jedine\u010dnost a odli\u0161nost ka\u017ed\u00e9ho \u010dlov\u011bka. V r\u00e1mci setk\u00e1n\u00ed zkoum\u00e1me zm\u011bnu a u\u017eite\u010dnost na\u0161\u00ed spolupr\u00e1ce.<\/span><\/p>\n<p><span style=\"font-weight: 400;\">Bav\u00ed m\u011b proces p\u0159em\u011bny, kdy se z pol\u00e1man\u00e9ho pomalu st\u00e1v\u00e1 nerozbitn\u00fd, z o\u0161kliv\u00e9ho k\u00e1\u010d\u00e1tka kr\u00e1sn\u00e1 labu\u0165. H\u0159eje m\u011b ka\u017ed\u00fd \u201eaha\u201c moment, na kter\u00fd spole\u010dn\u011b p\u0159ijdeme. Jsem zkr\u00e1tka r\u00e1da, \u017ee m\u016f\u017eu b\u00fdt sou\u010d\u00e1st\u00ed prom\u011bny v re\u00e1ln\u00e9m \u010dase.<\/span><\/p>\n<\/div><div id=\"ct-text-block-69e34cbfc27c2\" class=\"ct-text-block1  vc_custom_1619694913211  text-left\" style=\"font-size:16px;line-height:30px;\">\n    <div class=\"ct-inline-css\"  data-css=\"                \">\n    <\/div>\n<h4><span style=\"font-weight: 400;\">Moje vzd\u011bl\u00e1n\u00ed<\/span><\/h4>\n<ul>\n<li style=\"font-weight: 400;\" aria-level=\"1\"><span style=\"font-weight: 400;\">studium jednooborov\u00e9 psychologie na Filozofick\u00e9 fakult\u011b Masarykovy Univerzity (2010 \u2013 2015) a semestr na University of Groningen v\u00a0r\u00e1mci programu Erasmus<\/span><\/li>\n<li style=\"font-weight: 400;\" aria-level=\"1\"><span style=\"font-weight: 400;\">absolvov\u00e1n\u00ed p\u011btilet\u00e9ho psychoterapeutick\u00e9ho v\u00fdcviku v\u00a0systemick\u00e9 psychoterapii (<\/span><a href=\"http:\/\/www.isz-mc.cz\/\"><span style=\"font-weight: 400;\">Cestou systemick\u00fdch terapi\u00ed &#8211; ISZ<\/span><\/a><span style=\"font-weight: 400;\">)<\/span><\/li>\n<\/ul>\n<ul>\n<li style=\"font-weight: 400;\" aria-level=\"1\"><span style=\"font-weight: 400;\">r\u016fzn\u00e9 semin\u00e1\u0159e v\u00a0narativn\u00edm p\u0159\u00edstupu (Chana Rachel Fumin a Jill Freedman)\u00a0<\/span><\/li>\n<li aria-level=\"1\">kurz krizov\u00e9 intervence<\/li>\n<li style=\"font-weight: 400;\" aria-level=\"1\"><span style=\"font-weight: 400;\">semin\u00e1\u0159e zam\u011b\u0159en\u00e9 na pr\u00e1ci s t\u011blem (nap\u0159. Bioenergetika)<\/span><\/li>\n<\/ul>\n<p><span style=\"font-weight: 400;\">Seberozvoj vn\u00edm\u00e1m jako sou\u010d\u00e1st sv\u00e9 pr\u00e1ce, nyn\u00ed proch\u00e1z\u00edm v\u00fdcvikem v\u00a0komplexn\u00edm psychosomatick\u00e9m p\u0159\u00edstupu <\/span><a href=\"https:\/\/www.biosynteza.cz\/\"><span style=\"font-weight: 400;\">Um\u011bn\u00ed Biosynt\u00e9zy<\/span><\/a><\/p>\n<\/div><div id=\"ct-text-block-69e34cbfc40a0\" class=\"ct-text-block1  vc_custom_1610958677003  text-left\" style=\"font-size:16px;line-height:30px;\">\n    <div class=\"ct-inline-css\"  data-css=\"                \">\n    <\/div>\n<h4><span style=\"font-weight: 400;\">Dal\u0161\u00ed zku\u0161enosti<\/span><\/h4>\n<div id=\"gtx-trans\" style=\"position: absolute; left: -25px; top: -9px;\">\n<div class=\"gtx-trans-icon\"><\/div>\n<\/div>\n<p>\n<\/div><div class=\"ct-list-icon1\">\n            <div class=\"list-icon\">\n            <i class=\"text-gradient fas fa-check-circle\"><\/i>\n        <\/div>\n    \t<div class=\"list-content\">\n        poskytov\u00e1n\u00ed intervize pro t\u00fdm lektor\u016f pro organizaci Nevypus\u0165 du\u0161i    <\/div>\n<\/div><div class=\"ct-list-icon1\">\n            <div class=\"list-icon\">\n            <i class=\"text-gradient fas fa-check-circle\"><\/i>\n        <\/div>\n    \t<div class=\"list-content\">\n        psychologick\u00e1 diagnostika pro kari\u00e9rn\u00edm poradenstv\u00ed a v\u00fdb\u011br zam\u011bstnanc\u016f    <\/div>\n<\/div><div class=\"ct-list-icon1\">\n            <div class=\"list-icon\">\n            <i class=\"text-gradient fas fa-check-circle\"><\/i>\n        <\/div>\n    \t<div class=\"list-content\">\n        veden\u00ed workshop\u016f a tr\u00e9nink\u016f v r\u00e1mci osobn\u00edho rozvoje    <\/div>\n<\/div><div class=\"ct-list-icon1\">\n            <div class=\"list-icon\">\n            <i class=\"text-gradient fas fa-check-circle\"><\/i>\n        <\/div>\n    \t<div class=\"list-content\">\n        rozvoj jednotlivc\u016f i pracovn\u00edch t\u00fdm\u016f v oblasti leadershipu    <\/div>\n<\/div><div class=\"ct-list-icon1\">\n            <div class=\"list-icon\">\n            <i class=\"text-gradient fas fa-check-circle\"><\/i>\n        <\/div>\n    \t<div class=\"list-content\">\n        HR partner ve v\u00fdrobn\u00edch a IT firm\u00e1ch    <\/div>\n<\/div><div class=\"vc_empty_space\"   style=\"height: 25px\"><span class=\"vc_empty_space_inner\"><\/span><\/div><div id=\"ct-text-block-69e34cbfcdbd3\" class=\"ct-text-block1  vc_custom_1611504982187  text-left\" style=\"font-size:16px;line-height:30px;\">\n    <div class=\"ct-inline-css\"  data-css=\"                \">\n    <\/div>\n<h4><span style=\"font-weight: 400;\">Zaj\u00edm\u00e1 v\u00e1s je\u0161t\u011b n\u011bco? <a href=\"http:\/\/test.magdahajkova.ct\/#contact\">Napi\u0161te mi<\/a><\/span><\/h4>\n<p>\n<\/div><div class=\"vc_empty_space\"   style=\"height: 25px\"><span class=\"vc_empty_space_inner\"><\/span><\/div><\/div><\/div><\/div><div class=\"wpb_column vc_column_container vc_col-sm-12 vc_col-lg-4 vc_col-md-4 rm-padding-lg\"><div class=\"vc_column-inner vc_custom_1568039126777\"><div class=\"wpb_wrapper\"><div id=\"ct-heading-2\" class=\"ct-heading align-left align-left-md align-left-sm align-left-xs\">\n            <style type=\"text\/css\">\n            @media (min-width: 991px) and (max-width: 1200px) {\n                #ct-heading-2 .ct-heading-tag {\n                                            font-size: 30px !important;\n                                                        }\n            }\n        <\/style>\n    \n            <style type=\"text\/css\">\n            @media (min-width: 768px) and (max-width: 991px) {\n                #ct-heading-2 .ct-heading-tag {\n                                            font-size: 30px !important;\n                                                        }\n            }\n        <\/style>\n    \n            <style type=\"text\/css\">\n            @media screen and (max-width: 767px) {\n                #ct-heading-2 .ct-heading-tag {\n                                            font-size: 30px !important;\n                                                        }\n            }\n        <\/style>\n                <h3 class=\"ct-heading-tag typing-style1\" style=\"margin-bottom:32px;color:#1d2f3c;font-size:30px; \">\n                                    Pokra\u010dovat d\u00e1le                                        <\/h3>\n        <\/div><div class=\"ct-button-wrapper layout-normal align-left align-left-md align-left-sm align-left-xs\">\n\n    <a  href=\"https:\/\/magdahajkova.cz\/en\/\" target=\"_self\" class=\"btn btn-primary size-default no-shadow\">\n                    <span>Zp\u011bt dom\u016f<\/span>\n        \n        \n            <\/a>\n\n<\/div><div id=\"ct-space-69e34cbfd2ba1\">\n\t<style type=\"text\/css\">\n\t\t\t\t\t\t\t\t\t@media (min-width: 768px) and (max-width: 991px) {\n\t\t\t\t#ct-space-69e34cbfd2ba1 .ct-space {\n\t\t\t\t\theight: 70px;\n\t\t\t\t}\n\t\t\t}\n\t\t\t\t\t\t\t@media screen and (max-width: 767px) {\n\t\t\t\t#ct-space-69e34cbfd2ba1 .ct-space {\n\t\t\t\t\theight: 70px;\n\t\t\t\t}\n\t\t\t}\n\t\t\t<\/style>\n\t<div class=\"ct-space\"><\/div>\n<\/div><div  class=\"vc_wp_custommenu wpb_content_element style-default\"><\/div><div class=\"vc_empty_space\"   style=\"height: 35px\"><span class=\"vc_empty_space_inner\"><\/span><\/div><div id=\"ct-heading-3\" class=\"ct-heading align-left align-left-md align-left-sm align-left-xs\">\n            <style type=\"text\/css\">\n            @media (min-width: 991px) and (max-width: 1200px) {\n                #ct-heading-3 .ct-heading-tag {\n                                            font-size: 30px !important;\n                                                        }\n            }\n        <\/style>\n    \n            <style type=\"text\/css\">\n            @media (min-width: 768px) and (max-width: 991px) {\n                #ct-heading-3 .ct-heading-tag {\n                                            font-size: 30px !important;\n                                                        }\n            }\n        <\/style>\n    \n            <style type=\"text\/css\">\n            @media screen and (max-width: 767px) {\n                #ct-heading-3 .ct-heading-tag {\n                                            font-size: 30px !important;\n                                                        }\n            }\n        <\/style>\n                <h3 class=\"ct-heading-tag typing-style1\" style=\"margin-bottom:32px;color:#1d2f3c;font-size:30px; \">\n                                    Contact                                        <\/h3>\n        <\/div>    <ul id=\"ct-contact-info-69e34cbfd6728\" class=\"ct-contact-info1 style2\">\n                    <li>\n                <i class=\"fas fa-map-marked-alt\"><\/i>\n                <span>Brno, \u00dadoln\u00ed 5<\/span>\n            <\/li>\n                    <li>\n                <i class=\"fas fa-phone-volume\"><\/i>\n                <span><a href=\"tel:+420 777 267 949\">+420 777 267 949<\/a><\/span>\n            <\/li>\n                    <li>\n                <i class=\"fas fa-envelope\"><\/i>\n                <span><a href=\"mailto:konzultace@magdahajkova.cz\">konzultace@magdahajkova.cz<\/a><\/span>\n            <\/li>\n            <\/ul>\n<div class=\"vc_empty_space\"   style=\"height: 49px\"><span class=\"vc_empty_space_inner\"><\/span><\/div>\n\t<div  class=\"wpb_single_image wpb_content_element vc_align_left  inherit inherit\">\n\t\t<h2 class=\"wpb_heading wpb_singleimage_heading\">Magda Hajkova<\/h2>\n\t\t<figure class=\"wpb_wrapper vc_figure\">\n\t\t\t<div class=\"vc_single_image-wrapper default  vc_box_border_grey\"><img width=\"400\" height=\"600\" src=\"https:\/\/magdahajkova.cz\/wp-content\/uploads\/2021\/01\/psyxholozka-hajkova.png\" class=\"vc_single_image-img attachment-full\" alt=\"psycholo\u017eka Magda hajkova\" srcset=\"https:\/\/magdahajkova.cz\/wp-content\/uploads\/2021\/01\/psyxholozka-hajkova.png 400w, https:\/\/magdahajkova.cz\/wp-content\/uploads\/2021\/01\/psyxholozka-hajkova-8x12.png 8w\" sizes=\"(max-width: 400px) 100vw, 400px\" \/><\/div>\n\t\t<\/figure>\n\t<\/div>\n<\/div><\/div><\/div><\/div>","protected":false},"excerpt":{"rendered":"Kdo jsem a jak pracuji Mgr. Magda H\u00e1jkov\u00e1 Jsem psycholo\u017eka, miluji cestov\u00e1n\u00ed a \u010das r\u00e1da tr\u00e1v\u00edm v pohybu, t\u0159eba na kole. Klid si dop\u0159\u00e1v\u00e1m s rodinou nebo knihou. V\u011b\u0159\u00edm, \u017ee se v\u011bci mohou zm\u011bnit k lep\u0161\u00edmu. Ve sv\u00e9 soukrom\u00e9 praxi pracuji p\u0159es 7 let s dosp\u011bl\u00fdmi klienty formou psychologick\u00e9ho poradenstv\u00ed nebo terapie.\u00a0 P\u0159istupuji k V\u00e1m [...]","protected":false},"author":1,"featured_media":0,"parent":0,"menu_order":0,"comment_status":"closed","ping_status":"closed","template":"","meta":[],"_links":{"self":[{"href":"https:\/\/magdahajkova.cz\/en\/wp-json\/wp\/v2\/pages\/1080"}],"collection":[{"href":"https:\/\/magdahajkova.cz\/en\/wp-json\/wp\/v2\/pages"}],"about":[{"href":"https:\/\/magdahajkova.cz\/en\/wp-json\/wp\/v2\/types\/page"}],"author":[{"embeddable":true,"href":"https:\/\/magdahajkova.cz\/en\/wp-json\/wp\/v2\/users\/1"}],"replies":[{"embeddable":true,"href":"https:\/\/magdahajkova.cz\/en\/wp-json\/wp\/v2\/comments?post=1080"}],"version-history":[{"count":14,"href":"https:\/\/magdahajkova.cz\/en\/wp-json\/wp\/v2\/pages\/1080\/revisions"}],"predecessor-version":[{"id":1900,"href":"https:\/\/magdahajkova.cz\/en\/wp-json\/wp\/v2\/pages\/1080\/revisions\/1900"}],"wp:attachment":[{"href":"https:\/\/magdahajkova.cz\/en\/wp-json\/wp\/v2\/media?parent=1080"}],"curies":[{"name":"wp","href":"https:\/\/api.w.org\/{rel}","templated":true}]}}